{"id":7966,"date":"2017-03-09T15:10:36","date_gmt":"2017-03-09T14:10:36","guid":{"rendered":"http:\/\/www.hotelfetovaia.it\/hotel-montemerlo\/ecolabel\/"},"modified":"2024-12-09T11:24:32","modified_gmt":"2024-12-09T10:24:32","slug":"ecolabel","status":"publish","type":"page","link":"https:\/\/www.hotelfetovaia.it\/de\/hotel-montemerlo\/ecolabel\/","title":{"rendered":"Ecolabel"},"content":{"rendered":"<p>[et_pb_section fb_built=&#8220;1&#8243; fullwidth=&#8220;on&#8220; custom_padding_last_edited=&#8220;on|phone&#8220; disabled_on=&#8220;||off&#8220; _builder_version=&#8220;4.16&#8243; background_color=&#8220;#ffffff&#8220; custom_padding_tablet=&#8220;0px|0px|0px|0px&#8220; custom_padding_phone=&#8220;&#8220; animation_style=&#8220;fade&#8220; transparent_background=&#8220;off&#8220; width_unit=&#8220;off&#8220; global_colors_info=&#8220;{}&#8220;][et_pb_fullwidth_code admin_label=&#8220;Header&#8220; _builder_version=&#8220;4.16&#8243; background_image=&#8220;https:\/\/www.hotelfetovaia.it\/wp-content\/uploads\/header_ecolabel.jpg&#8220; global_colors_info=&#8220;{}&#8220;]<\/p>\n<div class=\"headeres\">\u00a0<\/div>\n<p>[\/et_pb_fullwidth_code][\/et_pb_section][et_pb_section fb_built=&#8220;1&#8243; custom_padding_last_edited=&#8220;on|phone&#8220; _builder_version=&#8220;4.16&#8243; background_color=&#8220;#efeae4&#8243; custom_padding=&#8220;0px||0px|&#8220; custom_padding_tablet=&#8220;0px|0px|0px|0px&#8220; custom_padding_phone=&#8220;&#8220; global_colors_info=&#8220;{}&#8220;][et_pb_row padding_mobile=&#8220;on&#8220; column_padding_mobile=&#8220;on&#8220; _builder_version=&#8220;4.16&#8243; background_size=&#8220;initial&#8220; background_position=&#8220;top_left&#8220; background_repeat=&#8220;repeat&#8220; custom_padding=&#8220;20px||20px|&#8220; make_fullwidth=&#8220;off&#8220; use_custom_width=&#8220;off&#8220; width_unit=&#8220;on&#8220; custom_width_px=&#8220;1080px&#8220; custom_width_percent=&#8220;80%&#8220; global_colors_info=&#8220;{}&#8220;][et_pb_column type=&#8220;4_4&#8243; _builder_version=&#8220;4.16&#8243; custom_padding=&#8220;|||&#8220; global_colors_info=&#8220;{}&#8220; custom_padding__hover=&#8220;|||&#8220;][et_pb_button button_url=&#8220;https:\/\/www.simplebooking.it\/portal\/229?lang=DE&#038;cur=EUR&#038;sorting=name_asc&#8220; url_new_window=&#8220;on&#8220; button_text=&#8220;JETZT BUCHEN&#8220; button_alignment=&#8220;center&#8220; admin_label=&#8220;Pulsante Booking&#8220; module_class=&#8220;btngreen&#8220; _builder_version=&#8220;4.17.2&#8243; background_layout=&#8220;dark&#8220; global_colors_info=&#8220;{}&#8220; button_text_size__hover_enabled=&#8220;off&#8220; button_text_size__hover=&#8220;null&#8220; button_one_text_size__hover_enabled=&#8220;off&#8220; button_one_text_size__hover=&#8220;null&#8220; button_two_text_size__hover_enabled=&#8220;off&#8220; button_two_text_size__hover=&#8220;null&#8220; button_text_color__hover_enabled=&#8220;off&#8220; button_text_color__hover=&#8220;null&#8220; button_one_text_color__hover_enabled=&#8220;off&#8220; button_one_text_color__hover=&#8220;null&#8220; button_two_text_color__hover_enabled=&#8220;off&#8220; button_two_text_color__hover=&#8220;null&#8220; button_border_width__hover_enabled=&#8220;off&#8220; button_border_width__hover=&#8220;null&#8220; button_one_border_width__hover_enabled=&#8220;off&#8220; button_one_border_width__hover=&#8220;null&#8220; button_two_border_width__hover_enabled=&#8220;off&#8220; button_two_border_width__hover=&#8220;null&#8220; button_border_color__hover_enabled=&#8220;off&#8220; button_border_color__hover=&#8220;null&#8220; button_one_border_color__hover_enabled=&#8220;off&#8220; button_one_border_color__hover=&#8220;null&#8220; button_two_border_color__hover_enabled=&#8220;off&#8220; button_two_border_color__hover=&#8220;null&#8220; button_border_radius__hover_enabled=&#8220;off&#8220; button_border_radius__hover=&#8220;null&#8220; button_one_border_radius__hover_enabled=&#8220;off&#8220; button_one_border_radius__hover=&#8220;null&#8220; button_two_border_radius__hover_enabled=&#8220;off&#8220; button_two_border_radius__hover=&#8220;null&#8220; button_letter_spacing__hover_enabled=&#8220;on&#8220; button_letter_spacing__hover=&#8220;0&#8243; button_one_letter_spacing__hover_enabled=&#8220;off&#8220; button_one_letter_spacing__hover=&#8220;null&#8220; button_two_letter_spacing__hover_enabled=&#8220;off&#8220; button_two_letter_spacing__hover=&#8220;null&#8220; button_bg_color__hover_enabled=&#8220;off&#8220; button_bg_color__hover=&#8220;null&#8220; button_one_bg_color__hover_enabled=&#8220;off&#8220; button_one_bg_color__hover=&#8220;null&#8220; button_two_bg_color__hover_enabled=&#8220;off&#8220; button_two_bg_color__hover=&#8220;null&#8220;][\/et_pb_button][\/et_pb_column][\/et_pb_row][\/et_pb_section][et_pb_section fb_built=&#8220;1&#8243; custom_padding_last_edited=&#8220;on|phone&#8220; _builder_version=&#8220;4.16&#8243; background_color=&#8220;#f6f6f6&#8243; custom_padding=&#8220;50px|0px|50px|0px&#8220; custom_padding_tablet=&#8220;30px|0px|30px|0px&#8220; custom_padding_phone=&#8220;&#8220; global_colors_info=&#8220;{}&#8220;][et_pb_row padding_mobile=&#8220;off&#8220; column_padding_mobile=&#8220;on&#8220; _builder_version=&#8220;4.16&#8243; background_size=&#8220;initial&#8220; background_position=&#8220;top_left&#8220; background_repeat=&#8220;repeat&#8220; custom_padding=&#8220;0px|0px&#8220; make_fullwidth=&#8220;off&#8220; use_custom_width=&#8220;off&#8220; width_unit=&#8220;on&#8220; custom_width_px=&#8220;1080px&#8220; custom_width_percent=&#8220;80%&#8220; global_colors_info=&#8220;{}&#8220;][et_pb_column type=&#8220;4_4&#8243; _builder_version=&#8220;4.16&#8243; custom_padding=&#8220;|||&#8220; global_colors_info=&#8220;{}&#8220; custom_padding__hover=&#8220;|||&#8220;][et_pb_text admin_label=&#8220;Titolo&#8220; _builder_version=&#8220;4.16&#8243; text_font=&#8220;Judson||||&#8220; background_size=&#8220;initial&#8220; background_position=&#8220;top_left&#8220; background_repeat=&#8220;repeat&#8220; text_orientation=&#8220;center&#8220; module_alignment=&#8220;center&#8220; use_border_color=&#8220;off&#8220; border_style=&#8220;solid&#8220; global_colors_info=&#8220;{}&#8220;]<\/p>\n<h1 class=\"titolis\">ECOLABEL<\/h1>\n<p>[\/et_pb_text][\/et_pb_column][\/et_pb_row][et_pb_row padding_mobile=&#8220;off&#8220; column_padding_mobile=&#8220;on&#8220; _builder_version=&#8220;4.16&#8243; background_size=&#8220;initial&#8220; background_position=&#8220;top_left&#8220; background_repeat=&#8220;repeat&#8220; custom_padding=&#8220;0px|0px|0px|0px&#8220; make_fullwidth=&#8220;off&#8220; use_custom_width=&#8220;off&#8220; width_unit=&#8220;on&#8220; custom_width_px=&#8220;1080px&#8220; custom_width_percent=&#8220;80%&#8220; global_colors_info=&#8220;{}&#8220;][et_pb_column type=&#8220;4_4&#8243; _builder_version=&#8220;4.16&#8243; custom_padding=&#8220;|||&#8220; global_colors_info=&#8220;{}&#8220; custom_padding__hover=&#8220;|||&#8220;][et_pb_text module_class=&#8220;textprinc&#8220; _builder_version=&#8220;4.17.2&#8243; text_font=&#8220;Judson||||&#8220; text_font_size=&#8220;18&#8243; text_line_height=&#8220;1.8em&#8220; background_color=&#8220;#ffffff&#8220; background_size=&#8220;initial&#8220; background_position=&#8220;top_left&#8220; background_repeat=&#8220;repeat&#8220; use_border_color=&#8220;off&#8220; global_colors_info=&#8220;{}&#8220;]<\/p>\n<p><strong>Unser Engagement f\u00fcr Nachhaltigkeit<\/strong><\/p>\n<p>Unser \u00d6ko-Hotel befindet sich in einer einzigartigen und atemberaubenden Umgebung, die seit vielen Jahren vom Nationalpark des Toskanischen Archipels gesch\u00fctzt wird.<\/p>\n<p>Unsere tiefe Liebe und unser Respekt f\u00fcr diese au\u00dfergew\u00f6hnliche Insel haben uns dazu inspiriert, eine familienfreundliche Unterkunft mit geringer Umweltbelastung zu schaffen.<\/p>\n<p>Im Jahr 2003 schlossen wir uns der Initiative \u201eLegambiente Turismo\u201c an, einem nationalen Projekt zur F\u00f6rderung eines nachhaltigen Tourismus und lokaler Ressourcen, in Zusammenarbeit mit Italiens gr\u00f6\u00dfter Umweltorganisation Legambiente.<\/p>\n<p>Seit 2012 wird das Eco-Hotel Montemerlo ausschlie\u00dflich mit erneuerbarer Energie betrieben, die teilweise durch unsere eigene Photovoltaikanlage erzeugt wird. Diese Leistung brachte uns das renommierte EU Ecolabel (IT\/051\/018) ein, das unsere Dienstleistungen als umweltfreundlich und ressourcenschonend auszeichnet.<\/p>\n<p>Im Jahr 2022 erreichten wir zwei bedeutende Meilensteine:<\/p>\n<ul>\n<li><strong>CETS2-Zertifizierung<\/strong> und wurden offizieller Partner von Europarc und dem Nationalpark des Toskanischen Archipels.<\/li>\n<li><strong>Electric Friendly-Zertifizierung<\/strong> durch Motus-E.<\/li>\n<\/ul>\n<p>Unser Engagement f\u00fcr Nachhaltigkeit wurde im Laufe der Jahre durch zahlreiche renommierte Auszeichnungen gew\u00fcrdigt, dank der Zusammenarbeit und des Engagements unserer G\u00e4ste und Mitarbeiter:<\/p>\n<ul>\n<li>\n<ol>\n<li>Nationaler EU-Ecolabel-Preis (ISPRA \u2013 Ministerium f\u00fcr Umwelt, Land und Meer \/ Rimini)<\/li>\n<\/ol>\n<\/li>\n<li>\u00d6kotourismus-Oscar \u2013 Preis f\u00fcr Kommunikation (Legambiente \/ Mailand)<\/li>\n<li>Auszeichnung \u201eDie 7 besten umweltfreundlichen Hotels Italiens\u201c (Legambiente \/ Rom)<\/li>\n<li>Auszeichnung \u201eDas umweltfreundlichste Hotel der Toskana\u201c (Region Toskana und Legambiente \/ Florenz)<\/li>\n<li>Anerkennung f\u00fcr korrekte Abfallentsorgung (Legambiente \/ Florenz)<\/li>\n<li>\u201eLa Casa della Rondine\u201c-Preis (Nationalpark des Toskanischen Archipels)<\/li>\n<li>Innovationspreis im Energiesektor, \u201eFreund des Klimas\u201c (Legambiente \/ Bologna)<\/li>\n<li>\u00d6kotourismus-Oscar \u2013 Eco-Hotels der Insel Elba (Legambiente \/ Mailand)<\/li>\n<li>GreenLeader \u2013 TripAdvisor (seit 2014)<\/li>\n<\/ul>\n<blockquote>\n<p>M\u00f6chten Sie unser <strong>Eco-<a href=\"https:\/\/www.welcometoelba.com\/de\/oeko-hotel\/ecodecalogo\/\">Handbuch<\/a><\/strong> entdecken und mehr dar\u00fcber erfahren, wie wir die Umwelt sch\u00fctzen?<\/p>\n<\/blockquote>\n<p>\u00a0<span style=\"font-size: 18px;\">To get around the Island of Elba, choose the bus or rent a bicycle. TRAVEL ECOLOGICAL AND CHEAP!<\/span><\/p>\n<p><a href=\"https:\/\/www.at-bus.it\/en\/tickets-and-passes\/travel-tickets\/other-rates\/elba-island\" target=\"_blank\" rel=\"noopener\">Bus lines, timetables and tickets available here<\/a><br \/><a href=\"https:\/\/www.welcometoelba.com\/en\/booking\/car-rental\/\" target=\"_blank\" rel=\"noopener\">Bike rental<\/a><a href=\"https:\/\/livorno.cttnord.it\/Linee_e_Orari\/extraurbano-elba-invernale\/L\/365\"><br \/><\/a><a href=\"https:\/\/www.at-bus.it\/en\/tickets-and-passes\/travel-tickets\/other-rates\/elba-island\" target=\"_blank\" rel=\"noopener\"><img loading=\"lazy\" decoding=\"async\" class=\"aligncenter wp-image-10086\" src=\"https:\/\/www.hotelfetovaia.it\/wp-content\/uploads\/bus-300x199.jpg\" alt=\"\" width=\"115\" height=\"76\" srcset=\"https:\/\/www.hotelfetovaia.it\/wp-content\/uploads\/bus-300x199.jpg 300w, https:\/\/www.hotelfetovaia.it\/wp-content\/uploads\/bus.jpg 680w\" sizes=\"auto, (max-width: 115px) 100vw, 115px\" \/><\/a><a href=\"https:\/\/www.welcometoelba.com\/en\/booking\/car-rental\/\" target=\"_blank\" rel=\"noopener\"><img loading=\"lazy\" decoding=\"async\" class=\"aligncenter wp-image-10090\" src=\"https:\/\/www.hotelfetovaia.it\/wp-content\/uploads\/green-bike-md.png\" alt=\"\" width=\"103\" height=\"65\" \/><\/a><\/p>\n<p>[\/et_pb_text][\/et_pb_column][\/et_pb_row][et_pb_row column_structure=&#8220;1_5,1_5,1_5,1_5,1_5&#8243; _builder_version=&#8220;4.17.2&#8243; _module_preset=&#8220;default&#8220; locked=&#8220;off&#8220; global_colors_info=&#8220;{}&#8220;][et_pb_column type=&#8220;1_5&#8243; _builder_version=&#8220;4.17.2&#8243; _module_preset=&#8220;default&#8220; global_colors_info=&#8220;{}&#8220;][et_pb_image src=&#8220;https:\/\/www.hotelfetovaia.it\/wp-content\/uploads\/ecolabel-logo-e1490796985135.jpg&#8220; url=&#8220;https:\/\/www.isprambiente.gov.it\/it\/attivita\/certificazioni\/ecolabel-ue?set_language=it&#8220; url_new_window=&#8220;on&#8220; align=&#8220;center&#8220; _builder_version=&#8220;4.17.2&#8243; _module_preset=&#8220;default&#8220; width=&#8220;50%&#8220; max_width=&#8220;50%&#8220; global_colors_info=&#8220;{}&#8220;][\/et_pb_image][\/et_pb_column][et_pb_column type=&#8220;1_5&#8243; _builder_version=&#8220;4.17.2&#8243; _module_preset=&#8220;default&#8220; global_colors_info=&#8220;{}&#8220;][et_pb_image src=&#8220;https:\/\/www.hotelfetovaia.it\/wp-content\/uploads\/logo_parco-nazionale-arcipelago-toscano.png&#8220; url=&#8220;https:\/\/www.islepark.it\/&#8220; url_new_window=&#8220;on&#8220; align=&#8220;center&#8220; _builder_version=&#8220;4.17.2&#8243; _module_preset=&#8220;default&#8220; width=&#8220;80%&#8220; max_width=&#8220;80%&#8220; global_colors_info=&#8220;{}&#8220;][\/et_pb_image][\/et_pb_column][et_pb_column type=&#8220;1_5&#8243; _builder_version=&#8220;4.17.2&#8243; _module_preset=&#8220;default&#8220; global_colors_info=&#8220;{}&#8220;][et_pb_image src=&#8220;https:\/\/www.hotelfetovaia.it\/wp-content\/uploads\/IT-CETS-logo_partners.png&#8220; url=&#8220;https:\/\/www.europarc.org\/&#8220; url_new_window=&#8220;on&#8220; align=&#8220;center&#8220; _builder_version=&#8220;4.17.2&#8243; _module_preset=&#8220;default&#8220; global_colors_info=&#8220;{}&#8220;][\/et_pb_image][\/et_pb_column][et_pb_column type=&#8220;1_5&#8243; _builder_version=&#8220;4.17.2&#8243; _module_preset=&#8220;default&#8220; global_colors_info=&#8220;{}&#8220;][et_pb_image src=&#8220;https:\/\/www.hotelfetovaia.it\/wp-content\/uploads\/logo-legambiente-turismo.png&#8220; url=&#8220;https:\/\/www.legambienteturismo.it\/&#8220; url_new_window=&#8220;on&#8220; align=&#8220;center&#8220; _builder_version=&#8220;4.17.2&#8243; _module_preset=&#8220;default&#8220; global_colors_info=&#8220;{}&#8220;][\/et_pb_image][\/et_pb_column][et_pb_column type=&#8220;1_5&#8243; _builder_version=&#8220;4.17.2&#8243; _module_preset=&#8220;default&#8220; global_colors_info=&#8220;{}&#8220;][et_pb_image src=&#8220;https:\/\/www.hotelfetovaia.it\/wp-content\/uploads\/certificazione-e-motus-e-now-touring.jpg&#8220; title_text=&#8220;certificazione e-motus e-now touring&#8220; url=&#8220;https:\/\/www.ev-now.org\/index.php\/progetti\/certificazione-electric-friendly\/&#8220; url_new_window=&#8220;on&#8220; _builder_version=&#8220;4.17.2&#8243; _module_preset=&#8220;default&#8220; width=&#8220;50%&#8220; max_width=&#8220;50%&#8220; module_alignment=&#8220;center&#8220; global_colors_info=&#8220;{}&#8220;][\/et_pb_image][\/et_pb_column][\/et_pb_row][et_pb_row padding_mobile=&#8220;off&#8220; column_padding_mobile=&#8220;on&#8220; _builder_version=&#8220;4.16&#8243; background_size=&#8220;initial&#8220; background_position=&#8220;top_left&#8220; background_repeat=&#8220;repeat&#8220; custom_padding=&#8220;0px|0px|0px|0px&#8220; make_fullwidth=&#8220;off&#8220; use_custom_width=&#8220;off&#8220; width_unit=&#8220;on&#8220; custom_width_px=&#8220;1080px&#8220; custom_width_percent=&#8220;80%&#8220; global_colors_info=&#8220;{}&#8220;][et_pb_column type=&#8220;4_4&#8243; _builder_version=&#8220;4.16&#8243; custom_padding=&#8220;|||&#8220; global_colors_info=&#8220;{}&#8220; custom_padding__hover=&#8220;|||&#8220;][et_pb_image src=&#8220;https:\/\/www.hotelfetovaia.it\/wp-content\/uploads\/COLONNINA-WALLBOX-1.jpg&#8220; title_text=&#8220;WALLBOX&#8220; align_tablet=&#8220;center&#8220; align_phone=&#8220;&#8220; align_last_edited=&#8220;on|desktop&#8220; _builder_version=&#8220;4.16&#8243; locked=&#8220;off&#8220; global_colors_info=&#8220;{}&#8220;][\/et_pb_image][\/et_pb_column][\/et_pb_row][et_pb_row column_structure=&#8220;1_2,1_2&#8243; _builder_version=&#8220;4.17.2&#8243; _module_preset=&#8220;default&#8220; locked=&#8220;off&#8220; global_colors_info=&#8220;{}&#8220;][et_pb_column type=&#8220;1_2&#8243; _builder_version=&#8220;4.17.2&#8243; _module_preset=&#8220;default&#8220; global_colors_info=&#8220;{}&#8220;][et_pb_image src=&#8220;https:\/\/www.hotelfetovaia.it\/wp-content\/uploads\/allegato-4.png&#8220; title_text=&#8220;allegato 4&#8243; url=&#8220;https:\/\/www.parcoarcipelago.info\/calendario\/&#8220; url_new_window=&#8220;on&#8220; align=&#8220;center&#8220; _builder_version=&#8220;4.17.2&#8243; _module_preset=&#8220;default&#8220; width=&#8220;80%&#8220; max_width=&#8220;80%&#8220; global_colors_info=&#8220;{}&#8220;][\/et_pb_image][\/et_pb_column][et_pb_column type=&#8220;1_2&#8243; _builder_version=&#8220;4.17.2&#8243; _module_preset=&#8220;default&#8220; global_colors_info=&#8220;{}&#8220;][et_pb_image src=&#8220;https:\/\/www.hotelfetovaia.it\/wp-content\/uploads\/sentieri-parco.png&#8220; title_text=&#8220;sentieri parco&#8220; url=&#8220;https:\/\/www.islepark.it\/rete-sentieristica&#8220; url_new_window=&#8220;on&#8220; align=&#8220;center&#8220; _builder_version=&#8220;4.17.2&#8243; _module_preset=&#8220;default&#8220; width=&#8220;80%&#8220; max_width=&#8220;80%&#8220; global_colors_info=&#8220;{}&#8220;][\/et_pb_image][\/et_pb_column][\/et_pb_row][\/et_pb_section]<\/p>\n","protected":false},"excerpt":{"rendered":"<p>ECOLABEL Unser Engagement f\u00fcr Nachhaltigkeit Unser \u00d6ko-Hotel befindet sich in einer einzigartigen und atemberaubenden Umgebung, die seit vielen Jahren vom Nationalpark des Toskanischen Archipels gesch\u00fctzt wird. Unsere tiefe Liebe und unser Respekt f\u00fcr diese au\u00dfergew\u00f6hnliche Insel haben uns dazu inspiriert, eine familienfreundliche Unterkunft mit geringer Umweltbelastung zu schaffen. Im Jahr 2003 schlossen wir uns der [&hellip;]<\/p>\n","protected":false},"author":2,"featured_media":0,"parent":7890,"menu_order":4,"comment_status":"closed","ping_status":"closed","template":"","meta":{"_et_pb_use_builder":"on","_et_pb_old_content":"","_et_gb_content_width":"","_joinchat":[],"footnotes":""},"class_list":["post-7966","page","type-page","status-publish","hentry"],"_links":{"self":[{"href":"https:\/\/www.hotelfetovaia.it\/de\/wp-json\/wp\/v2\/pages\/7966","targetHints":{"allow":["GET"]}}],"collection":[{"href":"https:\/\/www.hotelfetovaia.it\/de\/wp-json\/wp\/v2\/pages"}],"about":[{"href":"https:\/\/www.hotelfetovaia.it\/de\/wp-json\/wp\/v2\/types\/page"}],"author":[{"embeddable":true,"href":"https:\/\/www.hotelfetovaia.it\/de\/wp-json\/wp\/v2\/users\/2"}],"replies":[{"embeddable":true,"href":"https:\/\/www.hotelfetovaia.it\/de\/wp-json\/wp\/v2\/comments?post=7966"}],"version-history":[{"count":32,"href":"https:\/\/www.hotelfetovaia.it\/de\/wp-json\/wp\/v2\/pages\/7966\/revisions"}],"predecessor-version":[{"id":13380,"href":"https:\/\/www.hotelfetovaia.it\/de\/wp-json\/wp\/v2\/pages\/7966\/revisions\/13380"}],"up":[{"embeddable":true,"href":"https:\/\/www.hotelfetovaia.it\/de\/wp-json\/wp\/v2\/pages\/7890"}],"wp:attachment":[{"href":"https:\/\/www.hotelfetovaia.it\/de\/wp-json\/wp\/v2\/media?parent=7966"}],"curies":[{"name":"wp","href":"https:\/\/api.w.org\/{rel}","templated":true}]}}