{"id":7760,"date":"2017-01-25T12:18:42","date_gmt":"2017-01-25T11:18:42","guid":{"rendered":"http:\/\/www.hotelfetovaia.it\/reservation\/"},"modified":"2023-11-22T18:44:08","modified_gmt":"2023-11-22T17:44:08","slug":"reservation","status":"publish","type":"page","link":"https:\/\/www.hotelfetovaia.it\/fr\/reservation\/","title":{"rendered":"R\u00e9servation"},"content":{"rendered":"<p>[et_pb_section fb_built=\u00a0\u00bb1&Prime; fullwidth=\u00a0\u00bbon\u00a0\u00bb custom_padding_last_edited=\u00a0\u00bbon|phone\u00a0\u00bb disabled_on=\u00a0\u00bb||off\u00a0\u00bb _builder_version=\u00a0\u00bb4.16&Prime; background_color=\u00a0\u00bb#ffffff\u00a0\u00bb custom_padding_tablet=\u00a0\u00bb0px|0px|0px|0px\u00a0\u00bb custom_padding_phone=\u00a0\u00bb\u00a0\u00bb animation_style=\u00a0\u00bbfade\u00a0\u00bb transparent_background=\u00a0\u00bboff\u00a0\u00bb width_unit=\u00a0\u00bboff\u00a0\u00bb global_colors_info=\u00a0\u00bb{}\u00a0\u00bb][et_pb_fullwidth_code admin_label=\u00a0\u00bbHeader\u00a0\u00bb _builder_version=\u00a0\u00bb4.16&Prime; background_image=\u00a0\u00bbhttps:\/\/www.hotelfetovaia.it\/wp-content\/uploads\/header_servizi.jpg\u00a0\u00bb global_colors_info=\u00a0\u00bb{}\u00a0\u00bb]<\/p>\n<div class=\"headeres\">\u00a0<\/div>\n<p>[\/et_pb_fullwidth_code][\/et_pb_section][et_pb_section fb_built=\u00a0\u00bb1&Prime; custom_padding_last_edited=\u00a0\u00bbon|phone\u00a0\u00bb _builder_version=\u00a0\u00bb4.16&Prime; background_color=\u00a0\u00bb#f6f6f6&Prime; custom_padding=\u00a0\u00bb50px|0px|50px|0px\u00a0\u00bb custom_padding_tablet=\u00a0\u00bb30px|0px|30px|0px\u00a0\u00bb custom_padding_phone=\u00a0\u00bb\u00a0\u00bb global_colors_info=\u00a0\u00bb{}\u00a0\u00bb][et_pb_row padding_mobile=\u00a0\u00bboff\u00a0\u00bb column_padding_mobile=\u00a0\u00bbon\u00a0\u00bb _builder_version=\u00a0\u00bb4.16&Prime; background_size=\u00a0\u00bbinitial\u00a0\u00bb background_position=\u00a0\u00bbtop_left\u00a0\u00bb background_repeat=\u00a0\u00bbrepeat\u00a0\u00bb custom_padding=\u00a0\u00bb0px|0px\u00a0\u00bb global_colors_info=\u00a0\u00bb{}\u00a0\u00bb][et_pb_column type=\u00a0\u00bb4_4&Prime; _builder_version=\u00a0\u00bb4.16&Prime; custom_padding=\u00a0\u00bb|||\u00a0\u00bb global_colors_info=\u00a0\u00bb{}\u00a0\u00bb custom_padding__hover=\u00a0\u00bb|||\u00a0\u00bb][et_pb_text admin_label=\u00a0\u00bbTitolo %22Booking on line%22&Prime; _builder_version=\u00a0\u00bb4.16&Prime; text_font=\u00a0\u00bbJudson||||\u00a0\u00bb header_font=\u00a0\u00bbJudson||||||||\u00a0\u00bb header_text_color=\u00a0\u00bb#818181&Prime; header_font_size=\u00a0\u00bb60px\u00a0\u00bb background_size=\u00a0\u00bbinitial\u00a0\u00bb background_position=\u00a0\u00bbtop_left\u00a0\u00bb background_repeat=\u00a0\u00bbrepeat\u00a0\u00bb text_orientation=\u00a0\u00bbcenter\u00a0\u00bb module_alignment=\u00a0\u00bbcenter\u00a0\u00bb custom_margin=\u00a0\u00bb||0px|\u00a0\u00bb custom_padding=\u00a0\u00bb0px|0px|15px|0px\u00a0\u00bb custom_padding_tablet=\u00a0\u00bb0px|0px|5px|0px\u00a0\u00bb custom_padding_phone=\u00a0\u00bb\u00a0\u00bb custom_padding_last_edited=\u00a0\u00bbon|phone\u00a0\u00bb header_font_size_tablet=\u00a0\u00bb40px\u00a0\u00bb header_font_size_phone=\u00a0\u00bb30px\u00a0\u00bb header_font_size_last_edited=\u00a0\u00bbon|tablet\u00a0\u00bb global_colors_info=\u00a0\u00bb{}\u00a0\u00bb]<\/p>\n<h1>R\u00c9SERVATION EN LIGNE<\/h1>\n<p>[\/et_pb_text][et_pb_text admin_label=\u00a0\u00bbBest Price\u00a0\u00bb _builder_version=\u00a0\u00bb4.16&Prime; text_font=\u00a0\u00bbSatisfy||||\u00a0\u00bb text_text_color=\u00a0\u00bb#5caf36&Prime; text_font_size=\u00a0\u00bb26&Prime; background_size=\u00a0\u00bbinitial\u00a0\u00bb background_position=\u00a0\u00bbtop_left\u00a0\u00bb background_repeat=\u00a0\u00bbrepeat\u00a0\u00bb text_orientation=\u00a0\u00bbcenter\u00a0\u00bb module_alignment=\u00a0\u00bbcenter\u00a0\u00bb global_colors_info=\u00a0\u00bb{}\u00a0\u00bb]<\/p>\n<p>Meilleur prix<\/p>\n<p>[\/et_pb_text][\/et_pb_column][\/et_pb_row][et_pb_row padding_mobile=\u00a0\u00bboff\u00a0\u00bb column_padding_mobile=\u00a0\u00bbon\u00a0\u00bb _builder_version=\u00a0\u00bb4.16&Prime; background_size=\u00a0\u00bbinitial\u00a0\u00bb background_position=\u00a0\u00bbtop_left\u00a0\u00bb background_repeat=\u00a0\u00bbrepeat\u00a0\u00bb custom_padding=\u00a0\u00bb0px|0px|0px|0px\u00a0\u00bb global_colors_info=\u00a0\u00bb{}\u00a0\u00bb][et_pb_column type=\u00a0\u00bb4_4&Prime; _builder_version=\u00a0\u00bb4.16&Prime; custom_padding=\u00a0\u00bb|||\u00a0\u00bb global_colors_info=\u00a0\u00bb{}\u00a0\u00bb custom_padding__hover=\u00a0\u00bb|||\u00a0\u00bb][et_pb_code admin_label=\u00a0\u00bbSpazio\u00a0\u00bb _builder_version=\u00a0\u00bb4.16&Prime; global_colors_info=\u00a0\u00bb{}\u00a0\u00bb]<\/p>\n<div class=\"espace\">\u00a0<\/div>\n<p>[\/et_pb_code][\/et_pb_column][\/et_pb_row][et_pb_row padding_mobile=\u00a0\u00bboff\u00a0\u00bb column_padding_mobile=\u00a0\u00bbon\u00a0\u00bb _builder_version=\u00a0\u00bb4.16&Prime; background_size=\u00a0\u00bbinitial\u00a0\u00bb background_position=\u00a0\u00bbtop_left\u00a0\u00bb background_repeat=\u00a0\u00bbrepeat\u00a0\u00bb custom_padding=\u00a0\u00bb0px|0px|0px|0px\u00a0\u00bb global_colors_info=\u00a0\u00bb{}\u00a0\u00bb][et_pb_column type=\u00a0\u00bb4_4&Prime; _builder_version=\u00a0\u00bb4.16&Prime; custom_padding=\u00a0\u00bb|||\u00a0\u00bb global_colors_info=\u00a0\u00bb{}\u00a0\u00bb custom_padding__hover=\u00a0\u00bb|||\u00a0\u00bb][et_pb_text module_class=\u00a0\u00bbtextprinc\u00a0\u00bb _builder_version=\u00a0\u00bb4.16&Prime; background_color=\u00a0\u00bb#ffffff\u00a0\u00bb background_size=\u00a0\u00bbinitial\u00a0\u00bb background_position=\u00a0\u00bbtop_left\u00a0\u00bb background_repeat=\u00a0\u00bbrepeat\u00a0\u00bb text_orientation=\u00a0\u00bbcenter\u00a0\u00bb module_alignment=\u00a0\u00bbcenter\u00a0\u00bb custom_margin=\u00a0\u00bb||0px|\u00a0\u00bb custom_padding=\u00a0\u00bb20px|||\u00a0\u00bb use_border_color=\u00a0\u00bboff\u00a0\u00bb border_color=\u00a0\u00bb#ffffff\u00a0\u00bb border_style=\u00a0\u00bbsolid\u00a0\u00bb global_colors_info=\u00a0\u00bb{}\u00a0\u00bb]<\/p>\n<p class=\"testis\" style=\"background-color: #ffffff;\">Vous ne trouvez pas de disponibilit\u00e9 ? Pour plus d\u2019informations veuillez nous contacter&nbsp;<a style=\"font-size: 18px;\" href=\"https:\/\/www.minihotelelba.it\/fr\/reservation\/info-et-demandes\/\">ICI<\/a><br \/>Des appartements non encore mis \u00e0 jour sur le syst\u00e8me de r\u00e9servation en ligne pourraient \u00eatre vacants.<\/p>\n<p class=\"testis\"><span style=\"background-color: #ffffff; color: #5caf36; font-size: 18px;\">Meilleur tarif garanti \u2022 R\u00e9servation directe, aucune commission \u2022 Offres et avantages exclusifs<\/span><\/p>\n<p>[\/et_pb_text][et_pb_code admin_label=\u00a0\u00bbCodice booking\u00a0\u00bb module_class=\u00a0\u00bbtextprinc\u00a0\u00bb _builder_version=\u00a0\u00bb4.16&Prime; custom_css_main_element=\u00a0\u00bbtext-align: center;||background-color: #FFF;||margin: 0 !important;\u00a0\u00bb global_colors_info=\u00a0\u00bb{}\u00a0\u00bb]<script type=\"text\/javascript\"><!-- [et_pb_line_break_holder] -->(function (i, s, o, g, r, a, m) {<!-- [et_pb_line_break_holder] -->    i['SBSyncroBoxParam'] = r; i[r] = i[r] || function () {<!-- [et_pb_line_break_holder] -->        (i[r].q = i[r].q || []).push(arguments)<!-- [et_pb_line_break_holder] -->    }, i[r].l = 1 * new Date(); a = s.createElement(o),<!-- [et_pb_line_break_holder] -->    m = s.getElementsByTagName(o)[0]; a.async = 1; a.src = g; m.parentNode.insertBefore(a, m)<!-- [et_pb_line_break_holder] -->})(window, document, 'script', 'https:\/\/cdn.simplebooking.it\/search-box-script.axd?IDA=2794','SBSyncroBox');<!-- [et_pb_line_break_holder] --><!-- [et_pb_line_break_holder] -->SBSyncroBox({<!-- [et_pb_line_break_holder] -->    CodLang: 'FR',<!-- [et_pb_line_break_holder] -->    Styles: {<!-- [et_pb_line_break_holder] -->\tTheme: 'light-pink',<!-- [et_pb_line_break_holder] -->        CustomColor: \"#818181\",  <!-- [et_pb_line_break_holder] -->\tCustomBGColor: \"#FFFFFF\", <!-- [et_pb_line_break_holder] -->\tCustomLabelColor: \"#ab8b6e\", <!-- [et_pb_line_break_holder] -->\tCustomWidgetColor: \"#818181\",<!-- [et_pb_line_break_holder] -->        CustomButtonBGColor: \"#5caf36\",<!-- [et_pb_line_break_holder] -->    },<!-- [et_pb_line_break_holder] -->});<!-- [et_pb_line_break_holder] --><\/script><!-- [et_pb_line_break_holder] --><\/p>\n<div id=\"sb-container\"><\/div>\n<p>[\/et_pb_code][\/et_pb_column][\/et_pb_row][\/et_pb_section]<\/p>\n","protected":false},"excerpt":{"rendered":"<p>R\u00c9SERVATION EN LIGNE Meilleur prix Vous ne trouvez pas de disponibilit\u00e9 ? Pour plus d\u2019informations veuillez nous contacter&nbsp;ICIDes appartements non encore mis \u00e0 jour sur le syst\u00e8me de r\u00e9servation en ligne pourraient \u00eatre vacants.Meilleur tarif garanti \u2022 R\u00e9servation directe, aucune commission \u2022 Offres et avantages exclusifs<\/p>\n","protected":false},"author":2,"featured_media":0,"parent":0,"menu_order":2,"comment_status":"closed","ping_status":"closed","template":"","meta":{"_et_pb_use_builder":"on","_et_pb_old_content":"","_et_gb_content_width":"","_joinchat":[],"footnotes":""},"class_list":["post-7760","page","type-page","status-publish","hentry"],"_links":{"self":[{"href":"https:\/\/www.hotelfetovaia.it\/fr\/wp-json\/wp\/v2\/pages\/7760","targetHints":{"allow":["GET"]}}],"collection":[{"href":"https:\/\/www.hotelfetovaia.it\/fr\/wp-json\/wp\/v2\/pages"}],"about":[{"href":"https:\/\/www.hotelfetovaia.it\/fr\/wp-json\/wp\/v2\/types\/page"}],"author":[{"embeddable":true,"href":"https:\/\/www.hotelfetovaia.it\/fr\/wp-json\/wp\/v2\/users\/2"}],"replies":[{"embeddable":true,"href":"https:\/\/www.hotelfetovaia.it\/fr\/wp-json\/wp\/v2\/comments?post=7760"}],"version-history":[{"count":14,"href":"https:\/\/www.hotelfetovaia.it\/fr\/wp-json\/wp\/v2\/pages\/7760\/revisions"}],"predecessor-version":[{"id":12416,"href":"https:\/\/www.hotelfetovaia.it\/fr\/wp-json\/wp\/v2\/pages\/7760\/revisions\/12416"}],"wp:attachment":[{"href":"https:\/\/www.hotelfetovaia.it\/fr\/wp-json\/wp\/v2\/media?parent=7760"}],"curies":[{"name":"wp","href":"https:\/\/api.w.org\/{rel}","templated":true}]}}